{"id":252,"date":"2021-08-18T05:35:45","date_gmt":"2021-08-18T05:35:45","guid":{"rendered":"https:\/\/amnessiar.com.ar\/index.php\/about\/"},"modified":"2024-12-18T12:07:25","modified_gmt":"2024-12-18T15:07:25","slug":"about","status":"publish","type":"page","link":"https:\/\/amnessiar.com.ar\/index.php\/about\/","title":{"rendered":"About"},"content":{"rendered":"<div class=\"wp-block-uagb-container uagb-block-5bbe41fa alignfull uagb-is-root-container\"><div class=\"uagb-container-inner-blocks-wrap\"><div class=\"wp-block-uagb-container uagb-block-b30c6b31 alignfull uagb-is-root-container\"><div class=\"uagb-container-inner-blocks-wrap\"><\/div><\/div>\n\n<h1 class=\"wp-block-heading has-text-align-center\"><strong>Somos Amnessiar<\/strong><\/h1>\n\n<div class=\"wp-block-uagb-container uagb-block-29c4a272 alignfull uagb-is-root-container\"><div class=\"uagb-container-inner-blocks-wrap\"><div class=\"wp-block-uagb-slider uagb-block-3467eff7 uagb-slider-container\"><div class=\"uagb-slides uagb-swiper\"><div class=\"swiper-wrapper\"><div class=\"wp-block-uagb-slider-child uagb-slider-child-wrap swiper-slide uagb-block-b5eb2d58\"><div class=\"swiper-content\"><div class=\"wp-block-columns is-layout-flex wp-container-core-columns-is-layout-1 wp-block-columns-is-layout-flex\"><div class=\"wp-block-column is-layout-flow wp-block-column-is-layout-flow\" style=\"flex-basis:100%\"><div class=\"wp-block-uagb-container uagb-block-7d65bcc2\"><figure class=\"wp-block-image aligncenter size-large is-resized\"><img fetchpriority=\"high\" decoding=\"async\" width=\"1024\" height=\"1024\" src=\"https:\/\/amnessiar.com.ar\/wp-content\/uploads\/2024\/12\/Slide3-min-1024x1024.jpg\" alt=\"\" class=\"wp-image-1733\" style=\"width:1367px;height:auto\" srcset=\"https:\/\/amnessiar.com.ar\/wp-content\/uploads\/2024\/12\/Slide3-min-1024x1024.jpg 1024w, https:\/\/amnessiar.com.ar\/wp-content\/uploads\/2024\/12\/Slide3-min-300x300.jpg 300w, https:\/\/amnessiar.com.ar\/wp-content\/uploads\/2024\/12\/Slide3-min-150x150.jpg 150w, https:\/\/amnessiar.com.ar\/wp-content\/uploads\/2024\/12\/Slide3-min-768x768.jpg 768w, https:\/\/amnessiar.com.ar\/wp-content\/uploads\/2024\/12\/Slide3-min-1536x1536.jpg 1536w, https:\/\/amnessiar.com.ar\/wp-content\/uploads\/2024\/12\/Slide3-min-2048x2048.jpg 2048w, https:\/\/amnessiar.com.ar\/wp-content\/uploads\/2024\/12\/Slide3-min-600x600.jpg 600w, https:\/\/amnessiar.com.ar\/wp-content\/uploads\/2024\/12\/Slide3-min-100x100.jpg 100w, https:\/\/amnessiar.com.ar\/wp-content\/uploads\/2024\/12\/Slide3-min-50x50.jpg 50w\" sizes=\"(max-width: 1024px) 100vw, 1024px\" \/><\/figure><\/div><\/div><\/div><\/div><\/div>\n\n<div class=\"wp-block-uagb-slider-child uagb-slider-child-wrap swiper-slide uagb-block-39c90b9e\"><div class=\"swiper-content\"><div class=\"wp-block-uagb-container uagb-block-d2f2dba0\"><figure class=\"wp-block-image aligncenter size-large\"><img decoding=\"async\" width=\"1024\" height=\"1024\" src=\"https:\/\/amnessiar.com.ar\/wp-content\/uploads\/2024\/12\/Slide6-min-1024x1024.jpg\" alt=\"\" class=\"wp-image-1754\" srcset=\"https:\/\/amnessiar.com.ar\/wp-content\/uploads\/2024\/12\/Slide6-min-1024x1024.jpg 1024w, https:\/\/amnessiar.com.ar\/wp-content\/uploads\/2024\/12\/Slide6-min-300x300.jpg 300w, https:\/\/amnessiar.com.ar\/wp-content\/uploads\/2024\/12\/Slide6-min-150x150.jpg 150w, https:\/\/amnessiar.com.ar\/wp-content\/uploads\/2024\/12\/Slide6-min-768x768.jpg 768w, https:\/\/amnessiar.com.ar\/wp-content\/uploads\/2024\/12\/Slide6-min-1536x1536.jpg 1536w, https:\/\/amnessiar.com.ar\/wp-content\/uploads\/2024\/12\/Slide6-min-2048x2048.jpg 2048w, https:\/\/amnessiar.com.ar\/wp-content\/uploads\/2024\/12\/Slide6-min-600x600.jpg 600w, https:\/\/amnessiar.com.ar\/wp-content\/uploads\/2024\/12\/Slide6-min-100x100.jpg 100w, https:\/\/amnessiar.com.ar\/wp-content\/uploads\/2024\/12\/Slide6-min-50x50.jpg 50w\" sizes=\"(max-width: 1024px) 100vw, 1024px\" \/><\/figure><\/div><\/div><\/div>\n\n<div class=\"wp-block-uagb-slider-child uagb-slider-child-wrap swiper-slide uagb-block-a4a182d5\"><div class=\"swiper-content\"><div class=\"wp-block-uagb-container uagb-block-de4d1a68\"><figure class=\"wp-block-image aligncenter size-large\"><img decoding=\"async\" width=\"1024\" height=\"1024\" src=\"https:\/\/amnessiar.com.ar\/wp-content\/uploads\/2024\/12\/Slide5-min-1024x1024.jpg\" alt=\"\" class=\"wp-image-1735\" srcset=\"https:\/\/amnessiar.com.ar\/wp-content\/uploads\/2024\/12\/Slide5-min-1024x1024.jpg 1024w, https:\/\/amnessiar.com.ar\/wp-content\/uploads\/2024\/12\/Slide5-min-300x300.jpg 300w, https:\/\/amnessiar.com.ar\/wp-content\/uploads\/2024\/12\/Slide5-min-150x150.jpg 150w, https:\/\/amnessiar.com.ar\/wp-content\/uploads\/2024\/12\/Slide5-min-768x768.jpg 768w, https:\/\/amnessiar.com.ar\/wp-content\/uploads\/2024\/12\/Slide5-min-1536x1536.jpg 1536w, https:\/\/amnessiar.com.ar\/wp-content\/uploads\/2024\/12\/Slide5-min-2048x2048.jpg 2048w, https:\/\/amnessiar.com.ar\/wp-content\/uploads\/2024\/12\/Slide5-min-600x600.jpg 600w, https:\/\/amnessiar.com.ar\/wp-content\/uploads\/2024\/12\/Slide5-min-100x100.jpg 100w, https:\/\/amnessiar.com.ar\/wp-content\/uploads\/2024\/12\/Slide5-min-50x50.jpg 50w\" sizes=\"(max-width: 1024px) 100vw, 1024px\" \/><\/figure><\/div><\/div><\/div><\/div><\/div><div class=\"swiper-pagination\"><\/div><div class=\"swiper-button-prev\"><\/div><div class=\"swiper-button-next\"><\/div><\/div><\/div><\/div>\n\n<p class=\"has-text-align-center\">Nos enorgullece ser m\u00e1s que una marca de ropa urbana, somos una comunidad apasionada. En Amnessiar, no solo creamos prendas de calidad y estilo, sino que tambi\u00e9n cultivamos conexiones genuinas con nuestros clientes.<\/p>\n\n<p class=\"has-text-align-center\">Nuestra misi\u00f3n es simple: no solo vestirte, sino tambi\u00e9n ser parte de tu estilo de vida. Desde los dise\u00f1os hasta la comodidad de nuestras prendas, cada detalle est\u00e1 pensado para reflejar tu autenticidad.<\/p>\n\n<p class=\"has-text-align-center\">En Amnessiar, creemos en la fuerza de nuestra comunidad. Nuestras experiencias y comentarios dan forma a lo que hacemos. Nos esforzamos por crear no solo ropa, sino una experiencia compartida. Juntos, construimos un espacio donde la individualidad es celebrada y la expresi\u00f3n personal es clave.<\/p>\n\n<div class=\"wp-block-uagb-container uagb-block-202a544e alignfull uagb-is-root-container\"><div class=\"uagb-container-inner-blocks-wrap\"><\/div><\/div>\n\n<p class=\"has-text-align-center\"><strong>\u00a1Unite a nuestra comunidad y s\u00e9 parte de la historia de Amnessiar!<\/strong><\/p>\n\n<div class=\"wp-block-uagb-container uagb-block-62865c8b alignfull uagb-is-root-container\"><div class=\"uagb-container-inner-blocks-wrap\"><\/div><\/div><\/div><\/div>","protected":false},"excerpt":{"rendered":"<p>Somos Amnessiar Nos enorgullece ser m\u00e1s que una marca de ropa urbana, somos una comunidad apasionada. En Amnessiar, no solo creamos prendas de calidad y estilo, sino que tambi\u00e9n cultivamos conexiones genuinas con nuestros clientes. Nuestra misi\u00f3n es simple: no solo vestirte, sino tambi\u00e9n ser parte de tu estilo de vida. Desde los dise\u00f1os hasta &hellip;<\/p>\n<p class=\"read-more\"> <a class=\"\" href=\"https:\/\/amnessiar.com.ar\/index.php\/about\/\"> <span class=\"screen-reader-text\">About<\/span> Leer m\u00e1s &raquo;<\/a><\/p>\n","protected":false},"author":1,"featured_media":0,"parent":0,"menu_order":0,"comment_status":"closed","ping_status":"closed","template":"","meta":{"_uag_custom_page_level_css":"","_monsterinsights_skip_tracking":false,"_monsterinsights_sitenote_active":false,"_monsterinsights_sitenote_note":"","_monsterinsights_sitenote_category":0,"site-sidebar-layout":"no-sidebar","site-content-layout":"page-builder","ast-site-content-layout":"full-width-container","site-content-style":"unboxed","site-sidebar-style":"unboxed","ast-global-header-display":"","ast-banner-title-visibility":"","ast-main-header-display":"","ast-hfb-above-header-display":"","ast-hfb-below-header-display":"","ast-hfb-mobile-header-display":"","site-post-title":"disabled","ast-breadcrumbs-content":"disabled","ast-featured-img":"disabled","footer-sml-layout":"","theme-transparent-header-meta":"default","adv-header-id-meta":"","stick-header-meta":"","header-above-stick-meta":"","header-main-stick-meta":"","header-below-stick-meta":"","astra-migrate-meta-layouts":"set","footnotes":""},"class_list":["post-252","page","type-page","status-publish","hentry"],"uagb_featured_image_src":{"full":false,"thumbnail":false,"medium":false,"medium_large":false,"large":false,"1536x1536":false,"2048x2048":false,"woocommerce_thumbnail":false,"woocommerce_single":false,"woocommerce_gallery_thumbnail":false,"variation_swatches_image_size":false,"variation_swatches_tooltip_size":false},"uagb_author_info":{"display_name":"amnessiar.com.ar","author_link":"https:\/\/amnessiar.com.ar\/index.php\/author\/amnessiar-com-ar\/"},"uagb_comment_info":0,"uagb_excerpt":"Somos Amnessiar Nos enorgullece ser m\u00e1s que una marca de ropa urbana, somos una comunidad apasionada. En Amnessiar, no solo creamos prendas de calidad y estilo, sino que tambi\u00e9n cultivamos conexiones genuinas con nuestros clientes. Nuestra misi\u00f3n es simple: no solo vestirte, sino tambi\u00e9n ser parte de tu estilo de vida. Desde los dise\u00f1os hasta&hellip;","_links":{"self":[{"href":"https:\/\/amnessiar.com.ar\/index.php\/wp-json\/wp\/v2\/pages\/252","targetHints":{"allow":["GET"]}}],"collection":[{"href":"https:\/\/amnessiar.com.ar\/index.php\/wp-json\/wp\/v2\/pages"}],"about":[{"href":"https:\/\/amnessiar.com.ar\/index.php\/wp-json\/wp\/v2\/types\/page"}],"author":[{"embeddable":true,"href":"https:\/\/amnessiar.com.ar\/index.php\/wp-json\/wp\/v2\/users\/1"}],"replies":[{"embeddable":true,"href":"https:\/\/amnessiar.com.ar\/index.php\/wp-json\/wp\/v2\/comments?post=252"}],"version-history":[{"count":19,"href":"https:\/\/amnessiar.com.ar\/index.php\/wp-json\/wp\/v2\/pages\/252\/revisions"}],"predecessor-version":[{"id":1793,"href":"https:\/\/amnessiar.com.ar\/index.php\/wp-json\/wp\/v2\/pages\/252\/revisions\/1793"}],"wp:attachment":[{"href":"https:\/\/amnessiar.com.ar\/index.php\/wp-json\/wp\/v2\/media?parent=252"}],"curies":[{"name":"wp","href":"https:\/\/api.w.org\/{rel}","templated":true}]}}